{"id":1900,"date":"2024-07-23T21:43:38","date_gmt":"2024-07-23T21:43:38","guid":{"rendered":"https:\/\/int.createdencosta.com\/product\/classic-tee\/"},"modified":"2024-07-24T14:24:43","modified_gmt":"2024-07-24T14:24:43","slug":"classic-tee","status":"publish","type":"product","link":"https:\/\/int.createdencosta.com\/es\/producto\/classic-tee\/","title":{"rendered":"Classic Tee"},"content":{"rendered":"<p>Esta es una camiseta UNISEX, ideal tanto para hombres como para mujeres (consulte la tabla de tallas arriba)<\/p>\n<p>Suave y liviana, con la cantidad justa de elasticidad, esta camiseta unisex es c\u00f3moda y favorecedora para todos, y ofrece un ajuste moderno y relajado en el cuerpo y las mangas.<\/p>\n<p class=\"translation-block\">100 % algod\u00f3n peinado e hilado en anillos<br>\n\u2022 Tallas unisex\/EE. UU. (consulte la tabla de tallas que aparece m\u00e1s arriba)<br>\n\u2022 Peso de la tela: 4,2 oz\/yd\u00b2 (142 g\/m\u00b2)<br>\n\u2022 Tela preencogida<br>\n\u2022 Construcci\u00f3n con costuras laterales<br>\n\u2022 Costuras de hombro a hombro<\/p>\n<p>TENGA EN CUENTA: Estas camisetas est\u00e1n impresas con un estilo de impresi\u00f3n diferente al de nuestras camisetas serigrafiadas originales, que se venden solo en Costa Rica. El color del dise\u00f1o puede variar levemente respecto de la imagen o de una versi\u00f3n anterior de la misma camiseta que compr\u00f3 en Costa Rica.<\/p>\n<p>Este producto se fabrica especialmente para usted en cuanto realiza un pedido, por lo que nos lleva un poco m\u00e1s de tiempo entreg\u00e1rselo. Fabricar productos a pedido en lugar de hacerlo en grandes cantidades ayuda a reducir la sobreproducci\u00f3n, as\u00ed que \u00a1gracias por tomar decisiones de compra acertadas!<\/p>","protected":false},"excerpt":{"rendered":"<p>This is a UNISEX T-shirt &#8211; great for both men &amp; women (see size chart above) Soft and lightweight, with the right amount of stretch, this unisex tee is comfortable and flattering for all, offering a modern fit that is relaxed through the body and sleeves. \u2022 100% combed and ring-spun cotton \u2022 Unisex \/ [&hellip;]<\/p>\n","protected":false},"featured_media":1969,"template":"","meta":{"nf_dc_page":"","_monsterinsights_skip_tracking":false,"_monsterinsights_sitenote_active":false,"_monsterinsights_sitenote_note":"","_monsterinsights_sitenote_category":0},"product_brand":[],"product_cat":[25],"product_tag":[],"class_list":{"0":"post-1900","1":"product","2":"type-product","3":"status-publish","4":"has-post-thumbnail","6":"product_cat-camisetas","8":"first","9":"instock","10":"taxable","11":"shipping-taxable","12":"purchasable","13":"product-type-variable"},"yoast_head":"<!-- This site is optimized with the Yoast SEO plugin v27.4 - https:\/\/yoast.com\/product\/yoast-seo-wordpress\/ -->\n<title>Classic Tee - Created En Costa<\/title>\n<meta name=\"robots\" content=\"index, follow, max-snippet:-1, max-image-preview:large, max-video-preview:-1\" \/>\n<link rel=\"canonical\" href=\"https:\/\/int.createdencosta.com\/es\/producto\/classic-tee\/\" \/>\n<meta property=\"og:locale\" content=\"es_ES\" \/>\n<meta property=\"og:type\" content=\"article\" \/>\n<meta property=\"og:title\" content=\"Classic Tee - Created En Costa\" \/>\n<meta property=\"og:description\" content=\"This is a UNISEX T-shirt &#8211; great for both men &amp; women (see size chart above) Soft and lightweight, with the right amount of stretch, this unisex tee is comfortable and flattering for all, offering a modern fit that is relaxed through the body and sleeves. \u2022 100% combed and ring-spun cotton \u2022 Unisex \/ [&hellip;]\" \/>\n<meta property=\"og:url\" content=\"https:\/\/int.createdencosta.com\/es\/producto\/classic-tee\/\" \/>\n<meta property=\"og:site_name\" content=\"Created En Costa\" \/>\n<meta property=\"article:modified_time\" content=\"2024-07-24T14:24:43+00:00\" \/>\n<meta property=\"og:image\" content=\"https:\/\/int.createdencosta.com\/wp-content\/uploads\/2024\/07\/B1BC4746-348F-4525-A11D-ABC958A2892C.webp\" \/>\n\t<meta property=\"og:image:width\" content=\"1536\" \/>\n\t<meta property=\"og:image:height\" content=\"2304\" \/>\n\t<meta property=\"og:image:type\" content=\"image\/webp\" \/>\n<meta name=\"twitter:card\" content=\"summary_large_image\" \/>\n<meta name=\"twitter:label1\" content=\"Est. reading time\" \/>\n\t<meta name=\"twitter:data1\" content=\"1 minuto\" \/>\n<script type=\"application\/ld+json\" class=\"yoast-schema-graph\">{\"@context\":\"https:\\\/\\\/schema.org\",\"@graph\":[{\"@type\":\"WebPage\",\"@id\":\"https:\\\/\\\/int.createdencosta.com\\\/product\\\/classic-tee\\\/\",\"url\":\"https:\\\/\\\/int.createdencosta.com\\\/product\\\/classic-tee\\\/\",\"name\":\"Classic Tee - Created En Costa\",\"isPartOf\":{\"@id\":\"https:\\\/\\\/int.createdencosta.com\\\/#website\"},\"primaryImageOfPage\":{\"@id\":\"https:\\\/\\\/int.createdencosta.com\\\/product\\\/classic-tee\\\/#primaryimage\"},\"image\":{\"@id\":\"https:\\\/\\\/int.createdencosta.com\\\/product\\\/classic-tee\\\/#primaryimage\"},\"thumbnailUrl\":\"https:\\\/\\\/int.createdencosta.com\\\/wp-content\\\/uploads\\\/2024\\\/07\\\/B1BC4746-348F-4525-A11D-ABC958A2892C.webp\",\"datePublished\":\"2024-07-23T21:43:38+00:00\",\"dateModified\":\"2024-07-24T14:24:43+00:00\",\"breadcrumb\":{\"@id\":\"https:\\\/\\\/int.createdencosta.com\\\/product\\\/classic-tee\\\/#breadcrumb\"},\"inLanguage\":\"es-CR\",\"potentialAction\":[{\"@type\":\"ReadAction\",\"target\":[\"https:\\\/\\\/int.createdencosta.com\\\/product\\\/classic-tee\\\/\"]}]},{\"@type\":\"ImageObject\",\"inLanguage\":\"es-CR\",\"@id\":\"https:\\\/\\\/int.createdencosta.com\\\/product\\\/classic-tee\\\/#primaryimage\",\"url\":\"https:\\\/\\\/int.createdencosta.com\\\/wp-content\\\/uploads\\\/2024\\\/07\\\/B1BC4746-348F-4525-A11D-ABC958A2892C.webp\",\"contentUrl\":\"https:\\\/\\\/int.createdencosta.com\\\/wp-content\\\/uploads\\\/2024\\\/07\\\/B1BC4746-348F-4525-A11D-ABC958A2892C.webp\",\"width\":1536,\"height\":2304},{\"@type\":\"BreadcrumbList\",\"@id\":\"https:\\\/\\\/int.createdencosta.com\\\/product\\\/classic-tee\\\/#breadcrumb\",\"itemListElement\":[{\"@type\":\"ListItem\",\"position\":1,\"name\":\"Home\",\"item\":\"https:\\\/\\\/int.createdencosta.com\\\/\"},{\"@type\":\"ListItem\",\"position\":2,\"name\":\"Products\",\"item\":\"https:\\\/\\\/int.createdencosta.com\\\/shop\\\/\"},{\"@type\":\"ListItem\",\"position\":3,\"name\":\"Classic Tee\"}]},{\"@type\":\"WebSite\",\"@id\":\"https:\\\/\\\/int.createdencosta.com\\\/#website\",\"url\":\"https:\\\/\\\/int.createdencosta.com\\\/\",\"name\":\"Created En Costa\",\"description\":\"\",\"publisher\":{\"@id\":\"https:\\\/\\\/int.createdencosta.com\\\/#organization\"},\"potentialAction\":[{\"@type\":\"SearchAction\",\"target\":{\"@type\":\"EntryPoint\",\"urlTemplate\":\"https:\\\/\\\/int.createdencosta.com\\\/?s={search_term_string}\"},\"query-input\":{\"@type\":\"PropertyValueSpecification\",\"valueRequired\":true,\"valueName\":\"search_term_string\"}}],\"inLanguage\":\"es-CR\"},{\"@type\":\"Organization\",\"@id\":\"https:\\\/\\\/int.createdencosta.com\\\/#organization\",\"name\":\"Created En Costa\",\"url\":\"https:\\\/\\\/int.createdencosta.com\\\/\",\"logo\":{\"@type\":\"ImageObject\",\"inLanguage\":\"es-CR\",\"@id\":\"https:\\\/\\\/int.createdencosta.com\\\/#\\\/schema\\\/logo\\\/image\\\/\",\"url\":\"https:\\\/\\\/int.createdencosta.com\\\/wp-content\\\/uploads\\\/2024\\\/03\\\/TN_CE-8.jpg\",\"contentUrl\":\"https:\\\/\\\/int.createdencosta.com\\\/wp-content\\\/uploads\\\/2024\\\/03\\\/TN_CE-8.jpg\",\"width\":760,\"height\":950,\"caption\":\"Created En Costa\"},\"image\":{\"@id\":\"https:\\\/\\\/int.createdencosta.com\\\/#\\\/schema\\\/logo\\\/image\\\/\"}}]}<\/script>\n<!-- \/ Yoast SEO plugin. -->","yoast_head_json":{"title":"Classic Tee - Created En Costa","robots":{"index":"index","follow":"follow","max-snippet":"max-snippet:-1","max-image-preview":"max-image-preview:large","max-video-preview":"max-video-preview:-1"},"canonical":"https:\/\/int.createdencosta.com\/es\/producto\/classic-tee\/","og_locale":"es_ES","og_type":"article","og_title":"Classic Tee - Created En Costa","og_description":"This is a UNISEX T-shirt &#8211; great for both men &amp; women (see size chart above) Soft and lightweight, with the right amount of stretch, this unisex tee is comfortable and flattering for all, offering a modern fit that is relaxed through the body and sleeves. \u2022 100% combed and ring-spun cotton \u2022 Unisex \/ [&hellip;]","og_url":"https:\/\/int.createdencosta.com\/es\/producto\/classic-tee\/","og_site_name":"Created En Costa","article_modified_time":"2024-07-24T14:24:43+00:00","og_image":[{"width":1536,"height":2304,"url":"https:\/\/int.createdencosta.com\/wp-content\/uploads\/2024\/07\/B1BC4746-348F-4525-A11D-ABC958A2892C.webp","type":"image\/webp"}],"twitter_card":"summary_large_image","twitter_misc":{"Est. reading time":"1 minuto"},"schema":{"@context":"https:\/\/schema.org","@graph":[{"@type":"WebPage","@id":"https:\/\/int.createdencosta.com\/product\/classic-tee\/","url":"https:\/\/int.createdencosta.com\/product\/classic-tee\/","name":"Classic Tee - Created En Costa","isPartOf":{"@id":"https:\/\/int.createdencosta.com\/#website"},"primaryImageOfPage":{"@id":"https:\/\/int.createdencosta.com\/product\/classic-tee\/#primaryimage"},"image":{"@id":"https:\/\/int.createdencosta.com\/product\/classic-tee\/#primaryimage"},"thumbnailUrl":"https:\/\/int.createdencosta.com\/wp-content\/uploads\/2024\/07\/B1BC4746-348F-4525-A11D-ABC958A2892C.webp","datePublished":"2024-07-23T21:43:38+00:00","dateModified":"2024-07-24T14:24:43+00:00","breadcrumb":{"@id":"https:\/\/int.createdencosta.com\/product\/classic-tee\/#breadcrumb"},"inLanguage":"es-CR","potentialAction":[{"@type":"ReadAction","target":["https:\/\/int.createdencosta.com\/product\/classic-tee\/"]}]},{"@type":"ImageObject","inLanguage":"es-CR","@id":"https:\/\/int.createdencosta.com\/product\/classic-tee\/#primaryimage","url":"https:\/\/int.createdencosta.com\/wp-content\/uploads\/2024\/07\/B1BC4746-348F-4525-A11D-ABC958A2892C.webp","contentUrl":"https:\/\/int.createdencosta.com\/wp-content\/uploads\/2024\/07\/B1BC4746-348F-4525-A11D-ABC958A2892C.webp","width":1536,"height":2304},{"@type":"BreadcrumbList","@id":"https:\/\/int.createdencosta.com\/product\/classic-tee\/#breadcrumb","itemListElement":[{"@type":"ListItem","position":1,"name":"Home","item":"https:\/\/int.createdencosta.com\/"},{"@type":"ListItem","position":2,"name":"Products","item":"https:\/\/int.createdencosta.com\/shop\/"},{"@type":"ListItem","position":3,"name":"Classic Tee"}]},{"@type":"WebSite","@id":"https:\/\/int.createdencosta.com\/#website","url":"https:\/\/int.createdencosta.com\/","name":"Created En Costa","description":"","publisher":{"@id":"https:\/\/int.createdencosta.com\/#organization"},"potentialAction":[{"@type":"SearchAction","target":{"@type":"EntryPoint","urlTemplate":"https:\/\/int.createdencosta.com\/?s={search_term_string}"},"query-input":{"@type":"PropertyValueSpecification","valueRequired":true,"valueName":"search_term_string"}}],"inLanguage":"es-CR"},{"@type":"Organization","@id":"https:\/\/int.createdencosta.com\/#organization","name":"Created En Costa","url":"https:\/\/int.createdencosta.com\/","logo":{"@type":"ImageObject","inLanguage":"es-CR","@id":"https:\/\/int.createdencosta.com\/#\/schema\/logo\/image\/","url":"https:\/\/int.createdencosta.com\/wp-content\/uploads\/2024\/03\/TN_CE-8.jpg","contentUrl":"https:\/\/int.createdencosta.com\/wp-content\/uploads\/2024\/03\/TN_CE-8.jpg","width":760,"height":950,"caption":"Created En Costa"},"image":{"@id":"https:\/\/int.createdencosta.com\/#\/schema\/logo\/image\/"}}]}},"_links":{"self":[{"href":"https:\/\/int.createdencosta.com\/es\/wp-json\/wp\/v2\/product\/1900","targetHints":{"allow":["GET"]}}],"collection":[{"href":"https:\/\/int.createdencosta.com\/es\/wp-json\/wp\/v2\/product"}],"about":[{"href":"https:\/\/int.createdencosta.com\/es\/wp-json\/wp\/v2\/types\/product"}],"wp:featuredmedia":[{"embeddable":true,"href":"https:\/\/int.createdencosta.com\/es\/wp-json\/wp\/v2\/media\/1969"}],"wp:attachment":[{"href":"https:\/\/int.createdencosta.com\/es\/wp-json\/wp\/v2\/media?parent=1900"}],"wp:term":[{"taxonomy":"product_brand","embeddable":true,"href":"https:\/\/int.createdencosta.com\/es\/wp-json\/wp\/v2\/product_brand?post=1900"},{"taxonomy":"product_cat","embeddable":true,"href":"https:\/\/int.createdencosta.com\/es\/wp-json\/wp\/v2\/product_cat?post=1900"},{"taxonomy":"product_tag","embeddable":true,"href":"https:\/\/int.createdencosta.com\/es\/wp-json\/wp\/v2\/product_tag?post=1900"}],"curies":[{"name":"wp","href":"https:\/\/api.w.org\/{rel}","templated":true}]}}