{"id":1654,"date":"2024-07-23T15:33:45","date_gmt":"2024-07-23T15:33:45","guid":{"rendered":"https:\/\/int.createdencosta.com\/?page_id=1654"},"modified":"2024-07-24T16:14:19","modified_gmt":"2024-07-24T16:14:19","slug":"about","status":"publish","type":"page","link":"https:\/\/int.createdencosta.com\/es\/about\/","title":{"rendered":"sobre nosotros"},"content":{"rendered":"<div data-elementor-type=\"wp-page\" data-elementor-id=\"1654\" class=\"elementor elementor-1654\" data-elementor-post-type=\"page\">\n\t\t\t\t<div class=\"elementor-element elementor-element-6782731f e-flex e-con-boxed e-con e-parent\" data-id=\"6782731f\" data-element_type=\"container\" data-e-type=\"container\" data-settings=\"{&quot;background_background&quot;:&quot;classic&quot;,&quot;jet_parallax_layout_list&quot;:[]}\">\n\t\t\t\t\t<div class=\"e-con-inner\">\n\t\t\t\t<div class=\"elementor-element elementor-element-4c48a91f elementor-widget elementor-widget-heading\" data-id=\"4c48a91f\" data-element_type=\"widget\" data-e-type=\"widget\" data-widget_type=\"heading.default\">\n\t\t\t\t<div class=\"elementor-widget-container\">\n\t\t\t\t\t<h2 class=\"elementor-heading-title elementor-size-default\">SOBRE NOSOTROS<\/h2>\t\t\t\t<\/div>\n\t\t\t\t<\/div>\n\t\t\t\t\t<\/div>\n\t\t\t\t<\/div>\n\t\t<div class=\"elementor-element elementor-element-1dbb3172 e-flex e-con-boxed e-con e-parent\" data-id=\"1dbb3172\" data-element_type=\"container\" data-e-type=\"container\" data-settings=\"{&quot;jet_parallax_layout_list&quot;:[]}\">\n\t\t\t\t\t<div class=\"e-con-inner\">\n\t\t\t\t<div class=\"elementor-element elementor-element-48a2e9d5 elementor-widget elementor-widget-heading\" data-id=\"48a2e9d5\" data-element_type=\"widget\" data-e-type=\"widget\" data-widget_type=\"heading.default\">\n\t\t\t\t<div class=\"elementor-widget-container\">\n\t\t\t\t\t<h2 class=\"elementor-heading-title elementor-size-default\">NUESTRO ESTILO DE VIDA<\/h2>\t\t\t\t<\/div>\n\t\t\t\t<\/div>\n\t\t\t\t<div class=\"elementor-element elementor-element-78f16bc2 elementor-widget elementor-widget-heading\" data-id=\"78f16bc2\" data-element_type=\"widget\" data-e-type=\"widget\" data-widget_type=\"heading.default\">\n\t\t\t\t<div class=\"elementor-widget-container\">\n\t\t\t\t\t<h2 class=\"elementor-heading-title elementor-size-default\">VIVIR EL MOMENTO PRESENTE<\/h2>\t\t\t\t<\/div>\n\t\t\t\t<\/div>\n\t\t\t\t\t<\/div>\n\t\t\t\t<\/div>\n\t\t<div class=\"elementor-element elementor-element-11cbd964 e-flex e-con-boxed e-con e-parent\" data-id=\"11cbd964\" data-element_type=\"container\" data-e-type=\"container\" data-settings=\"{&quot;jet_parallax_layout_list&quot;:[]}\">\n\t\t\t\t\t<div class=\"e-con-inner\">\n\t\t<div class=\"elementor-element elementor-element-311dd0f6 e-con-full e-flex e-con e-child\" data-id=\"311dd0f6\" data-element_type=\"container\" data-e-type=\"container\" data-settings=\"{&quot;jet_parallax_layout_list&quot;:[]}\">\n\t\t\t\t<div class=\"elementor-element elementor-element-d884e08 elementor-widget elementor-widget-heading\" data-id=\"d884e08\" data-element_type=\"widget\" data-e-type=\"widget\" data-widget_type=\"heading.default\">\n\t\t\t\t<div class=\"elementor-widget-container\">\n\t\t\t\t\t<h2 class=\"elementor-heading-title elementor-size-default\">Del Creador<\/h2>\t\t\t\t<\/div>\n\t\t\t\t<\/div>\n\t\t\t\t<div class=\"elementor-element elementor-element-645bc293 elementor-widget elementor-widget-text-editor\" data-id=\"645bc293\" data-element_type=\"widget\" data-e-type=\"widget\" data-widget_type=\"text-editor.default\">\n\t\t\t\t<div class=\"elementor-widget-container\">\n\t\t\t\t\t\t\t\t\t<p>Created En Costa fue fundado en el 2016 en Mal Pa\u00eds, Costa Rica. Las primeras ideas para esta marca nacieron muchos a\u00f1os antes y m\u00e1s tarde fueron influenciadas por viajar a lugares como Hawaii y California. El haber nacido ac\u00e1 en Mal Pa\u00eds y m\u00e1s tarde haber tenido la suerte de conocer estos 2 otros hermosos lugares me ayud\u00f3 a inspirarme para dise\u00f1ar algo diferente de lo que la gente estaba acostumbrada a ver en las tiendas de ac\u00e1, algo moderno y \u00fanico, pero tambi\u00e9n simple, lleno del significado y del estilo de vida de nuestra hermosa Costa Rica.<\/p><p>Es una marca con el cual nosotros los ticos y tambi\u00e9n los extranjeros se han identificado y les ha gustado. Conforme ha pasado el tiempo nos siguen apoyando much\u00edsimo, el cual les quiero dar las m\u00e1s sinceras gracias a todos por el apoyo y ayuda a Created En Costa a convertirse en lo que es hoy. Tambi\u00e9n quiero darle gracias a aquellos que estaban por ah\u00ed cuando esto era solo una idea, a todos los que alguna vez han comprado una camiseta o una gorra, a los que ponen nuestras calcoman\u00edas en sus veh\u00edculos, tablas de surf, celulares y computadoras, a los que ayudan detr\u00e1s de c\u00e1maras con fotos y dise\u00f1os, y a los que simplemente nos siguen en las redes sociales, gracias por ser parte de la familia Created En Costa. \u00a1Pura Vida!<\/p>\t\t\t\t\t\t\t\t<\/div>\n\t\t\t\t<\/div>\n\t\t\t\t<div class=\"elementor-element elementor-element-478dd4e1 elementor-widget elementor-widget-heading\" data-id=\"478dd4e1\" data-element_type=\"widget\" data-e-type=\"widget\" data-widget_type=\"heading.default\">\n\t\t\t\t<div class=\"elementor-widget-container\">\n\t\t\t\t\t<h2 class=\"elementor-heading-title elementor-size-default\">\u2013STEVEN, FUNDADOR<\/h2>\t\t\t\t<\/div>\n\t\t\t\t<\/div>\n\t\t\t\t<\/div>\n\t\t<div class=\"elementor-element elementor-element-38729aaf e-con-full e-flex e-con e-child\" data-id=\"38729aaf\" data-element_type=\"container\" data-e-type=\"container\" data-settings=\"{&quot;jet_parallax_layout_list&quot;:[]}\">\n\t\t\t\t<div class=\"elementor-element elementor-element-10c081cd elementor-widget elementor-widget-image\" data-id=\"10c081cd\" data-element_type=\"widget\" data-e-type=\"widget\" data-widget_type=\"image.default\">\n\t\t\t\t<div class=\"elementor-widget-container\">\n\t\t\t\t\t\t\t\t\t\t\t\t\t\t\t<img fetchpriority=\"high\" decoding=\"async\" width=\"683\" height=\"1024\" src=\"https:\/\/int.createdencosta.com\/wp-content\/uploads\/2024\/07\/46B1220D-4493-40F6-91A5-497911A45067-683x1024.jpg\" class=\"attachment-large size-large wp-image-1640\" alt=\"\" srcset=\"https:\/\/int.createdencosta.com\/wp-content\/uploads\/2024\/07\/46B1220D-4493-40F6-91A5-497911A45067-683x1024.jpg 683w, https:\/\/int.createdencosta.com\/wp-content\/uploads\/2024\/07\/46B1220D-4493-40F6-91A5-497911A45067-200x300.jpg 200w, https:\/\/int.createdencosta.com\/wp-content\/uploads\/2024\/07\/46B1220D-4493-40F6-91A5-497911A45067-768x1152.jpg 768w, https:\/\/int.createdencosta.com\/wp-content\/uploads\/2024\/07\/46B1220D-4493-40F6-91A5-497911A45067-600x900.jpg 600w, https:\/\/int.createdencosta.com\/wp-content\/uploads\/2024\/07\/46B1220D-4493-40F6-91A5-497911A45067.jpg 1000w\" sizes=\"(max-width: 683px) 100vw, 683px\" \/>\t\t\t\t\t\t\t\t\t\t\t\t\t\t\t<\/div>\n\t\t\t\t<\/div>\n\t\t\t\t<\/div>\n\t\t\t\t\t<\/div>\n\t\t\t\t<\/div>\n\t\t\t\t<\/div>","protected":false},"excerpt":{"rendered":"<p>ABOUT US OUR PURA VIDA LIFESTYLE LIVIN&#8217; FOR THE PRESENT MOMENT From the Founder Created En Costa was founded in 2016 in Mal Pa\u00eds, Costa Rica. The initial ideas for this brand emerged many years earlier and were later influenced by travels to places like Hawaii and California. Being born here in Mal Pa\u00eds and [&hellip;]<\/p>\n","protected":false},"author":2,"featured_media":0,"parent":0,"menu_order":0,"comment_status":"closed","ping_status":"closed","template":"","meta":{"nf_dc_page":"","_monsterinsights_skip_tracking":false,"_monsterinsights_sitenote_active":false,"_monsterinsights_sitenote_note":"","_monsterinsights_sitenote_category":0,"footnotes":""},"class_list":["post-1654","page","type-page","status-publish","hentry"],"yoast_head":"<!-- This site is optimized with the Yoast SEO plugin v27.5 - https:\/\/yoast.com\/product\/yoast-seo-wordpress\/ -->\n<title>About - Created En Costa<\/title>\n<meta name=\"robots\" content=\"index, follow, max-snippet:-1, max-image-preview:large, max-video-preview:-1\" \/>\n<link rel=\"canonical\" href=\"https:\/\/int.createdencosta.com\/es\/about\/\" \/>\n<meta property=\"og:locale\" content=\"es_ES\" \/>\n<meta property=\"og:type\" content=\"article\" \/>\n<meta property=\"og:title\" content=\"About - Created En Costa\" \/>\n<meta property=\"og:description\" content=\"ABOUT US OUR PURA VIDA LIFESTYLE LIVIN&#8217; FOR THE PRESENT MOMENT From the Founder Created En Costa was founded in 2016 in Mal Pa\u00eds, Costa Rica. The initial ideas for this brand emerged many years earlier and were later influenced by travels to places like Hawaii and California. Being born here in Mal Pa\u00eds and [&hellip;]\" \/>\n<meta property=\"og:url\" content=\"https:\/\/int.createdencosta.com\/es\/about\/\" \/>\n<meta property=\"og:site_name\" content=\"Created En Costa\" \/>\n<meta property=\"article:modified_time\" content=\"2024-07-24T16:14:19+00:00\" \/>\n<meta property=\"og:image\" content=\"https:\/\/int.createdencosta.com\/wp-content\/uploads\/2024\/07\/46B1220D-4493-40F6-91A5-497911A45067-683x1024.jpg\" \/>\n<meta name=\"twitter:card\" content=\"summary_large_image\" \/>\n<meta name=\"twitter:label1\" content=\"Est. reading time\" \/>\n\t<meta name=\"twitter:data1\" content=\"2 minutos\" \/>\n<script type=\"application\/ld+json\" class=\"yoast-schema-graph\">{\"@context\":\"https:\\\/\\\/schema.org\",\"@graph\":[{\"@type\":\"WebPage\",\"@id\":\"https:\\\/\\\/int.createdencosta.com\\\/about\\\/\",\"url\":\"https:\\\/\\\/int.createdencosta.com\\\/about\\\/\",\"name\":\"About - Created En Costa\",\"isPartOf\":{\"@id\":\"https:\\\/\\\/int.createdencosta.com\\\/#website\"},\"primaryImageOfPage\":{\"@id\":\"https:\\\/\\\/int.createdencosta.com\\\/about\\\/#primaryimage\"},\"image\":{\"@id\":\"https:\\\/\\\/int.createdencosta.com\\\/about\\\/#primaryimage\"},\"thumbnailUrl\":\"https:\\\/\\\/int.createdencosta.com\\\/wp-content\\\/uploads\\\/2024\\\/07\\\/46B1220D-4493-40F6-91A5-497911A45067-683x1024.jpg\",\"datePublished\":\"2024-07-23T15:33:45+00:00\",\"dateModified\":\"2024-07-24T16:14:19+00:00\",\"breadcrumb\":{\"@id\":\"https:\\\/\\\/int.createdencosta.com\\\/about\\\/#breadcrumb\"},\"inLanguage\":\"es-CR\",\"potentialAction\":[{\"@type\":\"ReadAction\",\"target\":[\"https:\\\/\\\/int.createdencosta.com\\\/about\\\/\"]}]},{\"@type\":\"ImageObject\",\"inLanguage\":\"es-CR\",\"@id\":\"https:\\\/\\\/int.createdencosta.com\\\/about\\\/#primaryimage\",\"url\":\"https:\\\/\\\/int.createdencosta.com\\\/wp-content\\\/uploads\\\/2024\\\/07\\\/46B1220D-4493-40F6-91A5-497911A45067-683x1024.jpg\",\"contentUrl\":\"https:\\\/\\\/int.createdencosta.com\\\/wp-content\\\/uploads\\\/2024\\\/07\\\/46B1220D-4493-40F6-91A5-497911A45067-683x1024.jpg\"},{\"@type\":\"BreadcrumbList\",\"@id\":\"https:\\\/\\\/int.createdencosta.com\\\/about\\\/#breadcrumb\",\"itemListElement\":[{\"@type\":\"ListItem\",\"position\":1,\"name\":\"Home\",\"item\":\"https:\\\/\\\/int.createdencosta.com\\\/\"},{\"@type\":\"ListItem\",\"position\":2,\"name\":\"About\"}]},{\"@type\":\"WebSite\",\"@id\":\"https:\\\/\\\/int.createdencosta.com\\\/#website\",\"url\":\"https:\\\/\\\/int.createdencosta.com\\\/\",\"name\":\"Created En Costa\",\"description\":\"\",\"publisher\":{\"@id\":\"https:\\\/\\\/int.createdencosta.com\\\/#organization\"},\"potentialAction\":[{\"@type\":\"SearchAction\",\"target\":{\"@type\":\"EntryPoint\",\"urlTemplate\":\"https:\\\/\\\/int.createdencosta.com\\\/?s={search_term_string}\"},\"query-input\":{\"@type\":\"PropertyValueSpecification\",\"valueRequired\":true,\"valueName\":\"search_term_string\"}}],\"inLanguage\":\"es-CR\"},{\"@type\":\"Organization\",\"@id\":\"https:\\\/\\\/int.createdencosta.com\\\/#organization\",\"name\":\"Created En Costa\",\"url\":\"https:\\\/\\\/int.createdencosta.com\\\/\",\"logo\":{\"@type\":\"ImageObject\",\"inLanguage\":\"es-CR\",\"@id\":\"https:\\\/\\\/int.createdencosta.com\\\/#\\\/schema\\\/logo\\\/image\\\/\",\"url\":\"https:\\\/\\\/int.createdencosta.com\\\/wp-content\\\/uploads\\\/2024\\\/03\\\/TN_CE-8.jpg\",\"contentUrl\":\"https:\\\/\\\/int.createdencosta.com\\\/wp-content\\\/uploads\\\/2024\\\/03\\\/TN_CE-8.jpg\",\"width\":760,\"height\":950,\"caption\":\"Created En Costa\"},\"image\":{\"@id\":\"https:\\\/\\\/int.createdencosta.com\\\/#\\\/schema\\\/logo\\\/image\\\/\"}}]}<\/script>\n<!-- \/ Yoast SEO plugin. -->","yoast_head_json":{"title":"About - Created En Costa","robots":{"index":"index","follow":"follow","max-snippet":"max-snippet:-1","max-image-preview":"max-image-preview:large","max-video-preview":"max-video-preview:-1"},"canonical":"https:\/\/int.createdencosta.com\/es\/about\/","og_locale":"es_ES","og_type":"article","og_title":"About - Created En Costa","og_description":"ABOUT US OUR PURA VIDA LIFESTYLE LIVIN&#8217; FOR THE PRESENT MOMENT From the Founder Created En Costa was founded in 2016 in Mal Pa\u00eds, Costa Rica. The initial ideas for this brand emerged many years earlier and were later influenced by travels to places like Hawaii and California. Being born here in Mal Pa\u00eds and [&hellip;]","og_url":"https:\/\/int.createdencosta.com\/es\/about\/","og_site_name":"Created En Costa","article_modified_time":"2024-07-24T16:14:19+00:00","og_image":[{"url":"https:\/\/int.createdencosta.com\/wp-content\/uploads\/2024\/07\/46B1220D-4493-40F6-91A5-497911A45067-683x1024.jpg","type":"","width":"","height":""}],"twitter_card":"summary_large_image","twitter_misc":{"Est. reading time":"2 minutos"},"schema":{"@context":"https:\/\/schema.org","@graph":[{"@type":"WebPage","@id":"https:\/\/int.createdencosta.com\/about\/","url":"https:\/\/int.createdencosta.com\/about\/","name":"About - Created En Costa","isPartOf":{"@id":"https:\/\/int.createdencosta.com\/#website"},"primaryImageOfPage":{"@id":"https:\/\/int.createdencosta.com\/about\/#primaryimage"},"image":{"@id":"https:\/\/int.createdencosta.com\/about\/#primaryimage"},"thumbnailUrl":"https:\/\/int.createdencosta.com\/wp-content\/uploads\/2024\/07\/46B1220D-4493-40F6-91A5-497911A45067-683x1024.jpg","datePublished":"2024-07-23T15:33:45+00:00","dateModified":"2024-07-24T16:14:19+00:00","breadcrumb":{"@id":"https:\/\/int.createdencosta.com\/about\/#breadcrumb"},"inLanguage":"es-CR","potentialAction":[{"@type":"ReadAction","target":["https:\/\/int.createdencosta.com\/about\/"]}]},{"@type":"ImageObject","inLanguage":"es-CR","@id":"https:\/\/int.createdencosta.com\/about\/#primaryimage","url":"https:\/\/int.createdencosta.com\/wp-content\/uploads\/2024\/07\/46B1220D-4493-40F6-91A5-497911A45067-683x1024.jpg","contentUrl":"https:\/\/int.createdencosta.com\/wp-content\/uploads\/2024\/07\/46B1220D-4493-40F6-91A5-497911A45067-683x1024.jpg"},{"@type":"BreadcrumbList","@id":"https:\/\/int.createdencosta.com\/about\/#breadcrumb","itemListElement":[{"@type":"ListItem","position":1,"name":"Home","item":"https:\/\/int.createdencosta.com\/"},{"@type":"ListItem","position":2,"name":"About"}]},{"@type":"WebSite","@id":"https:\/\/int.createdencosta.com\/#website","url":"https:\/\/int.createdencosta.com\/","name":"Created En Costa","description":"","publisher":{"@id":"https:\/\/int.createdencosta.com\/#organization"},"potentialAction":[{"@type":"SearchAction","target":{"@type":"EntryPoint","urlTemplate":"https:\/\/int.createdencosta.com\/?s={search_term_string}"},"query-input":{"@type":"PropertyValueSpecification","valueRequired":true,"valueName":"search_term_string"}}],"inLanguage":"es-CR"},{"@type":"Organization","@id":"https:\/\/int.createdencosta.com\/#organization","name":"Created En Costa","url":"https:\/\/int.createdencosta.com\/","logo":{"@type":"ImageObject","inLanguage":"es-CR","@id":"https:\/\/int.createdencosta.com\/#\/schema\/logo\/image\/","url":"https:\/\/int.createdencosta.com\/wp-content\/uploads\/2024\/03\/TN_CE-8.jpg","contentUrl":"https:\/\/int.createdencosta.com\/wp-content\/uploads\/2024\/03\/TN_CE-8.jpg","width":760,"height":950,"caption":"Created En Costa"},"image":{"@id":"https:\/\/int.createdencosta.com\/#\/schema\/logo\/image\/"}}]}},"_links":{"self":[{"href":"https:\/\/int.createdencosta.com\/es\/wp-json\/wp\/v2\/pages\/1654","targetHints":{"allow":["GET"]}}],"collection":[{"href":"https:\/\/int.createdencosta.com\/es\/wp-json\/wp\/v2\/pages"}],"about":[{"href":"https:\/\/int.createdencosta.com\/es\/wp-json\/wp\/v2\/types\/page"}],"author":[{"embeddable":true,"href":"https:\/\/int.createdencosta.com\/es\/wp-json\/wp\/v2\/users\/2"}],"replies":[{"embeddable":true,"href":"https:\/\/int.createdencosta.com\/es\/wp-json\/wp\/v2\/comments?post=1654"}],"version-history":[{"count":5,"href":"https:\/\/int.createdencosta.com\/es\/wp-json\/wp\/v2\/pages\/1654\/revisions"}],"predecessor-version":[{"id":2179,"href":"https:\/\/int.createdencosta.com\/es\/wp-json\/wp\/v2\/pages\/1654\/revisions\/2179"}],"wp:attachment":[{"href":"https:\/\/int.createdencosta.com\/es\/wp-json\/wp\/v2\/media?parent=1654"}],"curies":[{"name":"wp","href":"https:\/\/api.w.org\/{rel}","templated":true}]}}